{"id":163,"date":"2022-04-19T11:42:18","date_gmt":"2022-04-19T11:42:18","guid":{"rendered":"http:\/\/neu.euro-rock.de\/?page_id=163"},"modified":"2022-04-19T11:47:38","modified_gmt":"2022-04-19T11:47:38","slug":"euro-rock-startet-2022-durch","status":"publish","type":"page","link":"https:\/\/euro-rock.de\/en\/euro-rock-startet-2022-durch","title":{"rendered":"EURO ROCK 2022 vom 22. bis 31. Juli 2022 in Duisburg"},"content":{"rendered":"<p>Euro Rock 2022 \u2013 Stadt Duisburg sucht gastgebende Band. <\/p>\n\n\n\n<p>In der Zeit vom 22. bis 31. Juli 2022 findet in Duisburg wieder das erfolgreiche Euro Rock Projekt statt. Hierzu laden die Kooperationspartner Peter Bursch und das Kulturb\u00fcro der Stadt Duisburg junge Rockbands aus den Duisburger Partnerst\u00e4dten ein. Bands aus Portsmouth (GB), Calais, (FR), Vilnius (LIT) und Nijmegen (NL) werden dann gemeinsam mit einer jungen Duisburger Band im Meidericher Parkhaus an neuen internationalen Songs arbeiten und gemeinsam Workshops erleben.Die Mitglieder der Bands werden dazu gemischt. Es entstehen somit 5 neue europ\u00e4ische Bands mit jeweils unterschiedlichen musikalischen Einfl\u00fcssen. Am Abend werden u.a. in Duisburg, den Niederlanden und in Frankreich Konzerte gespielt, bei denen diese neuen Songs vorgestellt werden und auch die \u201eOriginal Bands\u201c einen Teil ihres Repertoires vorstellen.F\u00fcr das Euro Rock Projekt wird noch eine junge Duisburger Band gesucht. Die Mitglieder sollten zwischen 16-25 Jahren alt sein und offen f\u00fcr die Zusammenarbeit mit internationalen Musikern. Der Musikstil sollte schon mit dem Begriff Rock umschrieben sein. Hierbei ist jedoch alles m\u00f6glich von Power Metal bis Pop Rock. Daneben w\u00e4re es wichtig, dass alle Bandmitglieder sich eine ganze Woche auf das Projekt inhaltlich und zeitlich einlassen k\u00f6nnen. In der gesamten Periode vom 22. bis 31. Juli m\u00fcssen die Musiker t\u00e4glich anwesend sein k\u00f6nnen. Alle Bands \u00fcbernachten in der gesamten Zeit in einer Unterkunft im Duisburger Norden. Bands die Lust und Zeit haben beim Euro Rock dabei zu sein, k\u00f6nnen sich im Kulturb\u00fcro f\u00fcr die Teilnahme bewerben. Ansprechpartner ist Daniel Jung, Tel.: 0203.28362262 oder e-mail d.jung@stadt-duisburg.de . Einige Duisburger Bands, die in den vergangenen Jahren am Euro Rock teilgenommen haben: Fools Errant, Get Scarlet, Bugs Alive, The Black Forest Cherry Cakes, K\u00e4pt\u2019n Moby, The Bonny Situation, Thalamus, Aedon und viele mehr.<\/p>","protected":false},"excerpt":{"rendered":"<p>Euro Rock 2022 \u2013 Stadt Duisburg sucht gastgebende Band. In der Zeit vom 22. bis 31. Juli 2022 findet in Duisburg wieder das erfolgreiche Euro Rock Projekt statt. Hierzu laden die Kooperationspartner Peter Bursch und das Kulturb\u00fcro der Stadt Duisburg junge Rockbands aus den Duisburger <span class=\"read-more\"><a class=\"more-link btn btn-transparent\" href=\"https:\/\/euro-rock.de\/en\/euro-rock-startet-2022-durch\">Weiterlesen&#8230;<\/a><\/span><\/p>","protected":false},"author":1,"featured_media":0,"parent":0,"menu_order":0,"comment_status":"closed","ping_status":"closed","template":"","meta":{"ngg_post_thumbnail":0,"footnotes":""},"class_list":["post-163","page","type-page","status-publish","hentry"],"_links":{"self":[{"href":"https:\/\/euro-rock.de\/en\/wp-json\/wp\/v2\/pages\/163","targetHints":{"allow":["GET"]}}],"collection":[{"href":"https:\/\/euro-rock.de\/en\/wp-json\/wp\/v2\/pages"}],"about":[{"href":"https:\/\/euro-rock.de\/en\/wp-json\/wp\/v2\/types\/page"}],"author":[{"embeddable":true,"href":"https:\/\/euro-rock.de\/en\/wp-json\/wp\/v2\/users\/1"}],"replies":[{"embeddable":true,"href":"https:\/\/euro-rock.de\/en\/wp-json\/wp\/v2\/comments?post=163"}],"version-history":[{"count":3,"href":"https:\/\/euro-rock.de\/en\/wp-json\/wp\/v2\/pages\/163\/revisions"}],"predecessor-version":[{"id":173,"href":"https:\/\/euro-rock.de\/en\/wp-json\/wp\/v2\/pages\/163\/revisions\/173"}],"wp:attachment":[{"href":"https:\/\/euro-rock.de\/en\/wp-json\/wp\/v2\/media?parent=163"}],"curies":[{"name":"wp","href":"https:\/\/api.w.org\/{rel}","templated":true}]}}