{"id":51,"date":"2019-12-11T10:27:21","date_gmt":"2019-12-11T10:27:21","guid":{"rendered":"http:\/\/neu.euro-rock.de\/?page_id=51"},"modified":"2025-07-04T05:56:29","modified_gmt":"2025-07-04T05:56:29","slug":"dozenten","status":"publish","type":"page","link":"https:\/\/euro-rock.de\/en\/dozenten","title":{"rendered":"Instructors"},"content":{"rendered":"<div data-elementor-type=\"wp-page\" data-elementor-id=\"51\" class=\"elementor elementor-51\">\n\t\t\t\t\t\t<section class=\"elementor-section elementor-top-section elementor-element elementor-element-3607846d elementor-section-boxed elementor-section-height-default elementor-section-height-default\" data-id=\"3607846d\" data-element_type=\"section\" data-e-type=\"section\">\n\t\t\t\t\t\t<div class=\"elementor-container elementor-column-gap-default\">\n\t\t\t\t\t<div class=\"elementor-column elementor-col-100 elementor-top-column elementor-element elementor-element-5584a4b5\" data-id=\"5584a4b5\" data-element_type=\"column\" data-e-type=\"column\">\n\t\t\t<div class=\"elementor-widget-wrap elementor-element-populated\">\n\t\t\t\t\t\t<div class=\"elementor-element elementor-element-6cd7883e elementor-widget elementor-widget-text-editor\" data-id=\"6cd7883e\" data-element_type=\"widget\" data-e-type=\"widget\" data-widget_type=\"text-editor.default\">\n\t\t\t\t<div class=\"elementor-widget-container\">\n\t\t\t\t\t\t\t\t\t<figure class=\"wp-block-image size-full is-resized\"><img decoding=\"async\" class=\"wp-image-229 alignleft\" src=\"http:\/\/euro-rock.de\/wp-content\/uploads\/2022\/04\/Peter2.jpg\" alt=\"\" width=\"227\" height=\"165\" srcset=\"https:\/\/euro-rock.de\/wp-content\/uploads\/2022\/04\/Peter2.jpg 604w, https:\/\/euro-rock.de\/wp-content\/uploads\/2022\/04\/Peter2-300x218.jpg 300w\" sizes=\"(max-width: 227px) 100vw, 227px\" \/><\/figure>\n<p><!-- \/wp:image --><!-- wp:paragraph --><\/p>\n<p class=\"translation-block\"><span style=\"font-size: 18pt\"><span style=\"color: #ffffff\"><strong>Peter Bursch<\/strong><\/span> is not only a successful rock musician, guitar book author, and Germany's \"guitar teacher of the nation,\" but also a developer and inventor of various projects. Euro Rock is also one of the creative ideas that sprang from his bubbling pool of ideas. Peter is a real doer with a certain drive that easily infects others. Not only did he significantly shape the Krautrock scene with his band \"Br\u00f6selmaschine,\" but he also taught entire generations and many stars to play the guitar in a very easy way with his guitar books. Over the years, he has performed with countless musicians on stage and leads the entire project with a lot of passion. Peter is also the one who carefully takes care of the selection of the teaching staff every year.<\/p>\n<p><!-- \/wp:paragraph --><!-- wp:image {\"id\":232,\"sizeSlug\":\"full\",\"linkDestination\":\"none\"} --><\/p>\n<figure class=\"wp-block-image size-full\"><img decoding=\"async\" width=\"130\" height=\"130\" class=\"wp-image-232 alignleft\" src=\"http:\/\/euro-rock.de\/wp-content\/uploads\/2022\/04\/ck-cf662a52f3417b85f45122dd4d1c47a1-1.jpeg\" alt=\"\" \/><\/figure>\n<p><!-- \/wp:image --><!-- wp:paragraph --><\/p>\n<p class=\"translation-block\"><span style=\"font-size: 18pt\"><span style=\"color: #ffffff\">Daniel Jung<\/span> For many years, the main organizer and networker has been Daniel Jung, who is responsible for coordinating the free art and culture scene in Duisburg's cultural office. Daniel is not only well connected through this position, but he is also very active in the scene himself. As a rock DJ, he provides music for the city's events, has his own disco series called \"Melodic Rock Night,\" which now has international regular guests, has his own radio show dedicated to his favorite music, and enjoys singing in his own band in the rehearsal room. The jack-of-all-trades is currently writing his first novel and discussing the film medium in his other radio format, \"The Cinematic Quartet.\" As a longtime editor of the Rock-It! magazine and the publications of \"Duisburg intern,\" he uses writing as well as music to express himself.<\/p>\n<p><!-- \/wp:paragraph --><!-- wp:image {\"id\":112,\"sizeSlug\":\"large\"} --><\/p>\n<figure class=\"wp-block-image size-large\"><img decoding=\"async\" width=\"130\" height=\"194\" class=\"wp-image-112 alignleft\" src=\"http:\/\/neu.euro-rock.de\/wp-content\/uploads\/2019\/12\/AndreasKlees_s.jpg\" alt=\"Andreas Klees\" \/><\/figure>\n<p><!-- \/wp:image --><!-- wp:paragraph --><\/p>\n<p class=\"translation-block\"><span style=\"font-size: 18pt\"><span style=\"color: #ffffff\"><strong>Andreas Klees<\/strong><\/span> has been part of the team since 2012. He got to know the project as a two-time participant with two of his bands (The Bonny Situation, Thalamus) in 2004 and 2009 and was immediately hired by Peter and Daniel for the project to make the immediate experiences as a participant productive and to be able to pass them on. The multi-instrumentalist has played the most diverse musical styles with various formations in recent years (from singer-songwriter-soft to full-on metal), works with young people in songwriting workshops and was able to expand his own network very positively through Euro Rock and travel to Russia several times for small tours. In the rhythm workshop, he plays bass and otherwise serves as a contact person for all instrument groups and for the compositions of new songs during the project.<\/p>\n<p><img loading=\"lazy\" decoding=\"async\" class=\"size-medium wp-image-792 alignleft\" src=\"https:\/\/euro-rock.de\/wp-content\/uploads\/2022\/04\/mickimeuser-300x222.png\" alt=\"\" width=\"300\" height=\"222\" srcset=\"https:\/\/euro-rock.de\/wp-content\/uploads\/2022\/04\/mickimeuser-300x222.png 300w, https:\/\/euro-rock.de\/wp-content\/uploads\/2022\/04\/mickimeuser-90x68.png 90w, https:\/\/euro-rock.de\/wp-content\/uploads\/2022\/04\/mickimeuser.png 352w\" sizes=\"(max-width: 300px) 100vw, 300px\" \/><span style=\"font-size: 18pt;\"><span style=\"color: #ffffff;\"><strong>Micki Meuser<\/strong><\/span> composes high-quality film music. He has written music for numerous films, including international feature films, such as those starring Daniel Craig (Obsession), Kirsten Dunst (Deeply), or Lynn Redgrave. Additionally, he has composed for many television films for ZDF and ARD. Meuser has also contributed to several TV series in Germany (Was nicht passt\u2026) and the USA (MythQuest).\u00a0<\/span><br \/><span style=\"font-size: 18pt;\">As a producer and songwriter, Micki Meuser has produced albums and written songs for artists such as Ideal, Die \u00c4rzte (Im Schatten der \u00c4rzte, Ist das alles?), Ina Deter (Neue M\u00e4nner braucht das Land), Silly (Bataillon d\u2019Amour), Rodgau Monotones, Die Lassie Singers, and many others.<\/span><br \/><span style=\"font-size: 18pt;\">Micki Meuser began his musical career as a bassist with Charlie Mariano. He played the instrument for Ina Deter and continues to do so in his own band 'Nervous Germans' and various studios to this day.<\/span><\/p>\n<p><span style=\"font-size: 18pt;\">Micki Meuser is the chairman of the German Film Composers Union (DEFKOM), a board member of the German Composers Association, and the Initiative Urheberrecht. Additionally, he is an elected member of the GEMA Supervisory Board.<\/span><\/p>\n<p>\u00a0<\/p>\n<p><img loading=\"lazy\" decoding=\"async\" class=\"size-medium wp-image-1155 alignleft\" src=\"https:\/\/euro-rock.de\/wp-content\/uploads\/2025\/07\/EuroRock-300x200.jpg\" alt=\"\" width=\"300\" height=\"200\" srcset=\"https:\/\/euro-rock.de\/wp-content\/uploads\/2025\/07\/EuroRock-300x200.jpg 300w, https:\/\/euro-rock.de\/wp-content\/uploads\/2025\/07\/EuroRock-1024x683.jpg 1024w, https:\/\/euro-rock.de\/wp-content\/uploads\/2025\/07\/EuroRock-768x512.jpg 768w, https:\/\/euro-rock.de\/wp-content\/uploads\/2025\/07\/EuroRock-18x12.jpg 18w, https:\/\/euro-rock.de\/wp-content\/uploads\/2025\/07\/EuroRock-420x280.jpg 420w, https:\/\/euro-rock.de\/wp-content\/uploads\/2025\/07\/EuroRock-385x257.jpg 385w, https:\/\/euro-rock.de\/wp-content\/uploads\/2025\/07\/EuroRock.jpg 1500w\" sizes=\"(max-width: 300px) 100vw, 300px\" \/><\/p>\n<p><span style=\"color: #808080;\"><span style=\"color: #ffffff;\"><strong><span style=\"font-size: 18pt;\">PIA <\/span><\/strong><\/span><span style=\"font-size: 18pt;\">My name is Pia Verb\u00fccheln, and my main instrument is the electric guitar.<\/span><span style=\"font-size: 18pt;\"><br \/>Like many guitarists, I gain experience in various bands \u2013 including my main band Bakali\n(with whom I had the opportunity to take part in EuroRock) as well as Vergissmeinnicht.\nSince 2023, I have been mentoring various band projects with children and teenagers,\nsupporting them in their first musical steps, learning to play together, and exploring their\ncreativity.\nMusically, I primarily move within the genres of rock, blues, and pop \u2013 occasionally with\ninfluences from jazz.\nIt\u2019s important to me that music brings people together, creates joy, and offers space for\npersonal growth \u2013 both on and off stage.<\/span><\/span><\/p>\n<p>\u00a0<\/p>\n<p><img loading=\"lazy\" decoding=\"async\" class=\"size-medium wp-image-1156 alignleft\" src=\"https:\/\/euro-rock.de\/wp-content\/uploads\/2025\/07\/Stefan-Muehlenkamp-225x300.webp\" alt=\"\" width=\"225\" height=\"300\" srcset=\"https:\/\/euro-rock.de\/wp-content\/uploads\/2025\/07\/Stefan-Muehlenkamp-225x300.webp 225w, https:\/\/euro-rock.de\/wp-content\/uploads\/2025\/07\/Stefan-Muehlenkamp-768x1024.webp 768w, https:\/\/euro-rock.de\/wp-content\/uploads\/2025\/07\/Stefan-Muehlenkamp-1152x1536.webp 1152w, https:\/\/euro-rock.de\/wp-content\/uploads\/2025\/07\/Stefan-Muehlenkamp-9x12.webp 9w, https:\/\/euro-rock.de\/wp-content\/uploads\/2025\/07\/Stefan-Muehlenkamp.webp 1200w\" sizes=\"(max-width: 225px) 100vw, 225px\" \/><\/p>\n<p><span style=\"color: #ffffff;\"><strong><span style=\"font-size: 18pt;\">STEFAN <\/span><\/strong><\/span><span style=\"font-size: 18pt;\">M\u00fchlenkamp is a drummer and music educator.<\/span><br \/><span style=\"font-size: 18pt;\">As part of the Euro Rock project, he leads the workshop for drummers from across\nEurope. <\/span><span style=\"font-size: 18pt;\">His focus is on musical exchange, groove, and hands-on playing.\u00a0\u00a0<\/span><br \/><span style=\"font-size: 18pt;\">Or in short:<\/span><br \/><span style=\"font-size: 18pt;\">Stefan M\u00fchlenkamp is a drummer and music educator.<\/span><br \/><span style=\"font-size: 18pt;\">He runs the Euro Rock workshop for international drummers.<\/span><\/p>\n<p>\u00a0<\/p>\n<p>\u00a0<\/p>\n<p><span style=\"font-size: 18pt;\"><img loading=\"lazy\" decoding=\"async\" class=\"size-medium wp-image-1158 alignleft\" src=\"https:\/\/euro-rock.de\/wp-content\/uploads\/2025\/07\/Benny-200x300.jpg\" alt=\"\" width=\"200\" height=\"300\" srcset=\"https:\/\/euro-rock.de\/wp-content\/uploads\/2025\/07\/Benny-200x300.jpg 200w, https:\/\/euro-rock.de\/wp-content\/uploads\/2025\/07\/Benny-8x12.jpg 8w, https:\/\/euro-rock.de\/wp-content\/uploads\/2025\/07\/Benny.jpg 300w\" sizes=\"(max-width: 200px) 100vw, 200px\" \/><span style=\"color: #ffffff;\">BENNY<\/span><br \/>Music isn\u2019t just what I do \u2013 it\u2019s how I breathe.<br \/>I\u2019m Benjamin Peters, a singer, songwriter, and music educator from Duisburg, Germany.\nFor over 15 years, I\u2019ve been helping people unlock their voices \u2013 through private lessons,\ncreative workshops like Dare to Sing (Kulturrucksack NRW), and award-winning choir\nprojects.\nI lead choirs like the Immersatt-Kids, known for their energy and heart, and the\nspontaneous, no-sheet-music-needed PopCHORnection. My approach? Raw, real, and\n100% connected to the joy of singing \u2013 no matter your age or experience.\nStage experience? Tons.\nFrom rocking festival stages with The Bonny Situation (Bochum TOTAL, Olgas Rock, etc.),\nto performing in my own vocal show at Movie Park Germany, to competing in Unser Star\nf\u00fcr Oslo on national TV, I\u2019ve seen all sides of the stage. Now, I\u2019m the lead singer of the\nband MOTTEK \u2013 and still hungry for more.\nI also work as a jury member for Jugend musiziert and in the Culture and School program.\nIn my workshop, you won\u2019t need sheet music or perfection \u2013 just curiosity, courage, and a\nlove for sound. Come as you are \u2013 let\u2019s make some noise.<br \/>Ob als Frontmann von The Bonny Situation, mit denen ich Festivalb\u00fchnen wie Bochum TOTAL und Olgas Rock gerockt habe, als Teilnehmer bei Unser Star f\u00fcr Oslo auf<br \/>ProSieben oder aktuell mit der Band MOTTEK \u2013 ich liebe Live-Musik.<br \/>Nebenbei bin ich Juror bei Jugend musiziert und im Landesprogramm Kultur und Schule.<br \/>Wenn du Bock hast, deine Stimme zu entdecken oder weiterzuentwickeln \u2013 egal ob<br \/>Anf\u00e4nger oder Fortgeschrittener \u2013 bist du in meinem Workshop genau richtig. Kein Druck,<br \/>keine Notenpflicht \u2013 nur Musik, Energie und Raum zum Ausprobieren.<\/span><\/p>\n<p>\u00a0<\/p>\n<p>\u00a0<\/p>\n<p><span style=\"font-size: 18pt;\"><img loading=\"lazy\" decoding=\"async\" class=\"size-medium wp-image-978 alignleft\" src=\"https:\/\/euro-rock.de\/wp-content\/uploads\/2023\/06\/SM-Red-Hair-b_w-Jan2015-209x300.jpg\" alt=\"\" width=\"209\" height=\"300\" srcset=\"https:\/\/euro-rock.de\/wp-content\/uploads\/2023\/06\/SM-Red-Hair-b_w-Jan2015-209x300.jpg 209w, https:\/\/euro-rock.de\/wp-content\/uploads\/2023\/06\/SM-Red-Hair-b_w-Jan2015-713x1024.jpg 713w, https:\/\/euro-rock.de\/wp-content\/uploads\/2023\/06\/SM-Red-Hair-b_w-Jan2015-768x1102.jpg 768w, https:\/\/euro-rock.de\/wp-content\/uploads\/2023\/06\/SM-Red-Hair-b_w-Jan2015-1070x1536.jpg 1070w, https:\/\/euro-rock.de\/wp-content\/uploads\/2023\/06\/SM-Red-Hair-b_w-Jan2015-1427x2048.jpg 1427w, https:\/\/euro-rock.de\/wp-content\/uploads\/2023\/06\/SM-Red-Hair-b_w-Jan2015-8x12.jpg 8w, https:\/\/euro-rock.de\/wp-content\/uploads\/2023\/06\/SM-Red-Hair-b_w-Jan2015-scaled.jpg 1784w\" sizes=\"(max-width: 209px) 100vw, 209px\" \/><\/span><\/p>\n<p><span style=\"font-size: 18pt;\"><span style=\"color: #ffffff;\"><strong>SYLKIE MONOFF<\/strong>\u00a0<span style=\"color: #999999;\">Singer, songwriter, producer SYLKIE MONOFF may have been born in Germany, but her heart and soul have always had a <\/span><span style=\"color: #999999;\">strong connection to the USA. As a teen, influenced by performers such as Emmylou Harris, James Taylor and Neil Young, <\/span><span style=\"color: #999999;\">SYLKIE performed throughout Germany with regional country-rock bands. She recorded and released her first record for <\/span><span style=\"color: #999999;\">Teldec before she even turned 20. After marginal success, she decided to sharpen her writing skills and therefore focused <\/span><span style=\"color: #999999;\">on producing songs in her studio. Shortly thereafter, she was accepted to attend the Pop Music Program at the prestigious <\/span><span style=\"color: #999999;\">Hamburg Academy of Music and Theater.<\/span><br \/><span style=\"color: #999999;\">After completing her studies in Hamburg, SYLKIE single-handedly landed a recording contract with BMG Ariola <\/span><span style=\"color: #999999;\">Munich (Sony BMG). Her debut EP consisted of 3 original compositions. This was followed by the recording of her album <\/span><span style=\"color: #999999;\">HARBOR IN THE NIGHT (1993). She not only composed 10 of the 11 tracks, but also co-produced the album. The first <\/span><span style=\"color: #999999;\">single DON\u2019T landed in the German airplay charts and became a radio hit and two more singles followed. In the late 1990s, <\/span><span style=\"color: #999999;\">SYLKIE\u2019s composition ALL THE PLACES, recorded by the British duo BND, charted in the German Top 100 sales charts. It <\/span><span style=\"color: #999999;\">was released world-wide and went gold before its release date. <\/span><span style=\"color: #999999;\">SYLKIE has toured throughout Europe and parts of the US, playing support to artists such as Ian Matthews (Plainsong) <\/span><span style=\"color: #999999;\">and Supercharge. She has performed with Grammy winner Albert Lee,\u00a0 Rock\u2019n\u2019Roll legend Spencer Davis, Melissa Etheridge, <\/span><span style=\"color: #999999;\">Julian Dawson, Peter Bursch, J\u00fcrgen Drews and more. For about 10 years, she spent part of the year in Nashville <\/span><span style=\"color: #999999;\">performing, recording and co-writing with various renowned staff writers, such as Curtis Lance (Don\u2019t happen twice, Kenny <\/span><span style=\"color: #999999;\">Chesney), Gilles Godard (Patty Loveless, Tracy Byrd, Ricky Skaggs, Blackhawk), Grammy winner Don Rollins (It\u2019s 5 o\u2019clock <\/span><span style=\"color: #999999;\">somewhere\/Alan Jackson + Jimmy Buffett), Charley Stefl (The Fool, LeeAnn Womack), Alex Call (Huey Lewis), Brent Baxter <\/span><span style=\"color: #999999;\">(Alan Jackson, Lady Antebellum) and more. Some of her songs have been added to the Warner Brothers and Universal <\/span><span style=\"color: #999999;\">Music Nashville publishing catalogs.<\/span><br \/><span style=\"color: #999999;\">In 2010, SYLKIE released her CD \u201cGENUINE\u201d. She composed all 13 songs and also produced the album, which features <\/span><span style=\"color: #999999;\">some of Nashville\u2019s top session players, such as drummer legend Eddie Bayers and first-call guitarist Brent Mason. The <\/span><span style=\"color: #999999;\">critically acclaimed album climbed to the top positions of various European Country Radio Charts (#1 in Austria, #2 <\/span><span style=\"color: #999999;\">in Norway and Top 20 in the UK, Germany, the Netherlands, Slovakia, Italy, Sweden and more). \u201eGENUINE\u201c as well jumped <\/span><span style=\"color: #999999;\">into the Top10 of the True Country + Roots Country categories of the Roots Music Report USA, the number one <\/span><span style=\"color: #999999;\">independent music chart for roots music in the world, which is based merely on radio playlists and actual airplay.<\/span><br \/><span style=\"color: #999999;\">In 2012, with her first US radio single \u201eSTEAL YOUR CROWN\u201c at #1 in the IMN Country Charts for an entire 13 weeks, <\/span><span style=\"color: #999999;\">SYLKIE received the IMN Country Award as \u201eBest International Artist\u201c with nominations in 4 categories. <\/span><span style=\"color: #999999;\">In 2015, SYLKIE finally made her permanent move to Nashville. Since then, she has had several releases, such as the <\/span><span style=\"color: #999999;\">singles \u201eLike Rain\u201c and \u201eThe Puzzle\u201c (produced by Mark Schulman, drummer of Pink, Cher, Billy Idol and more) as well as <\/span><span style=\"color: #999999;\">the digital re-release of her Sony album \u201eHARBOR IN THE NIGHT\u201c, which ranked in the Top 50 of the Apple Music Charts <\/span><span style=\"color: #999999;\">for Country Music in Germany in 2022. SYLKIE continues working on new music, cowriting, writing, producing and pitching <\/span><span style=\"color: #999999;\">songs and instrumental music for film and TV. One of her compositional collaborations for a TV commercial resulted in an <\/span><span style=\"color: #999999;\">Emmy nomination in 2018. Her most recent single \u201eStill Believe In You\u201c has been successfully impacting US and European <\/span><span style=\"color: #999999;\">Country + Adult Contemporary radio. It was listed on the Grammy Nomination Ballots in 2022\/23 in the two categories <\/span><span style=\"color: #999999;\">\u201eBest Country Song\u201c and \u201eBest Country Solo Performance\u201c. Monoff wrote and produced the track. It was released on her <\/span><span style=\"color: #999999;\">own label SYWA Nashville.<\/span><br \/><span style=\"color: #999999;\">Apart from her diverse musical work, SYLKIE conducts music business workshops and is a well-respected vocal coach <\/span><span style=\"color: #999999;\">(Musiker Akademie D\u00fcsseldorf, Drummers Institute, Eurorock Duisburg and others). She is currently working on a new <\/span><span style=\"color: #999999;\">album to be released in 2024.<\/span><\/span><\/span><\/p>\n<p><strong style=\"color: #ffffff; font-size: 18pt; font-family: var( --e-global-typography-text-font-family ), Sans-serif;\">The international team<\/strong><\/p>\n<p><span style=\"font-size: 18pt;\">The additional team of instructors consists of the accompanying representatives of the bands as well as specially chosen individuals from the music scene. The team undergoes some changes over the years, but there are also fixed contacts and many 'repeat offenders.' Euro Rock resonates strongly even among professional musicians and is gladly supported. For many years, the famous producer and film composer Micki Meuser has been responsible for recording the Euro Rock songs. Micki has not only accompanied Ina Deta and Die \u00c4rzte in their early days but has also earned a big name for himself, composing music for numerous TV productions, including international films with Daniel Craig (Obsession), Kirsten Dunst (Deeply), and Lynn Redgrave, as well as for various ZDF and ARD feature films. In recent years, vocal workshops have been led by artists such as David Readman (Pink Cream 69), Sylkie Monoff (from the Nashville scene), and Jaqueline St\u00fcrmer (Voice of Germany). Guitar workshops have been conducted by the nimble-fingered Victor Smolski and Elene Seagalova. Drum workshops have been led by Jan Rohlfing (founder of Drummer\u2019s Institute and Band-House) and Manni von Bohr (also known as the German 'Drumpapst'). In Portsmouth, the twin city of Duisburg in England, Vicky Halliday has been collaborating with us for a long time. She is well-acquainted with the local scene and enriches the team with her knowledge of European funding opportunities and administrative expertise. Our partners in France include Relief Asso, an association dedicated to the promotion and organization of art and cultural projects with a fantastic network of venues, studios, and cultural creators. Ang\u00e9lique Lyleire is part of Asso and is not only responsible for social media management but is also a professional photographer who accompanies the entire project, particularly the concerts, with her camera. Loic is a club owner in the Nord-pas-de-Calais region and is also technically proficient in sound. From Vilnius, Lithuania, Egle Gedminaite accompanies the bands; she is a booker and can provide many tips on self-promotion and applying to concert venues. In Russia, we have a longstanding collaboration with Elena Novoselova, who organizes a major rock festival named Rock-Line in Perm, Duisburg's partner city, and often invites Euro Rock bands to perform.<\/span><\/p>\n<p><!-- \/wp:paragraph --><\/p>\t\t\t\t\t\t\t\t<\/div>\n\t\t\t\t<\/div>\n\t\t\t\t\t<\/div>\n\t\t<\/div>\n\t\t\t\t\t<\/div>\n\t\t<\/section>\n\t\t\t\t<\/div>","protected":false},"excerpt":{"rendered":"<p>Peter Bursch ist nicht nur erfolgreicher Rockmusiker, Gitarrenbuchautor undDeutschlands \u201eGitarrenlehrer der Nation\u201c, sondern auch Entwickler undErfinder verschiedener Projekte. So entspringt auch das Euro Rock seinemsprudelnden Pool kreativer Ideen. Peter ist mit Haut und Haar Macher undhat diesen gewissen Drive, der andere leicht ansteckt. Er hat <span class=\"read-more\"><a class=\"more-link btn btn-transparent\" href=\"https:\/\/euro-rock.de\/en\/dozenten\">Weiterlesen&#8230;<\/a><\/span><\/p>","protected":false},"author":1,"featured_media":0,"parent":0,"menu_order":0,"comment_status":"closed","ping_status":"closed","template":"","meta":{"ngg_post_thumbnail":0,"footnotes":""},"class_list":["post-51","page","type-page","status-publish","hentry"],"_links":{"self":[{"href":"https:\/\/euro-rock.de\/en\/wp-json\/wp\/v2\/pages\/51","targetHints":{"allow":["GET"]}}],"collection":[{"href":"https:\/\/euro-rock.de\/en\/wp-json\/wp\/v2\/pages"}],"about":[{"href":"https:\/\/euro-rock.de\/en\/wp-json\/wp\/v2\/types\/page"}],"author":[{"embeddable":true,"href":"https:\/\/euro-rock.de\/en\/wp-json\/wp\/v2\/users\/1"}],"replies":[{"embeddable":true,"href":"https:\/\/euro-rock.de\/en\/wp-json\/wp\/v2\/comments?post=51"}],"version-history":[{"count":51,"href":"https:\/\/euro-rock.de\/en\/wp-json\/wp\/v2\/pages\/51\/revisions"}],"predecessor-version":[{"id":1167,"href":"https:\/\/euro-rock.de\/en\/wp-json\/wp\/v2\/pages\/51\/revisions\/1167"}],"wp:attachment":[{"href":"https:\/\/euro-rock.de\/en\/wp-json\/wp\/v2\/media?parent=51"}],"curies":[{"name":"wp","href":"https:\/\/api.w.org\/{rel}","templated":true}]}}