{"id":67,"date":"2019-12-11T10:32:05","date_gmt":"2019-12-11T10:32:05","guid":{"rendered":"http:\/\/neu.euro-rock.de\/?page_id=67"},"modified":"2022-04-29T08:54:17","modified_gmt":"2022-04-29T08:54:17","slug":"impressum","status":"publish","type":"page","link":"https:\/\/euro-rock.de\/en\/impressum","title":{"rendered":"Imprint"},"content":{"rendered":"<figure class=\"wp-block-table\"><table><tbody><tr><td>Peter Bursch<br>Duissernstr. 13-15<br>47058 Duisburg<br><br>Ansprechpartner: Peter Bursch<br>Tel. 0203 362420<br>Fax. 0203 341111<br><br>USt-IdNr.:<br>DE 119567998<br><br>eMail: peter.bursch@t-online.de<br>web: www.euro-rock.de<br><br><br>Inhaltlich Verantwortlicher gem\u00e4\u00df \u00a7 10 Absatz 3 MDStV: Peter Bursch (Anschrift wie oben)<br>Hinweis: Trotz sorgf\u00e4ltiger inhaltlicher Kontrolle \u00fcbernehmen wir keine Haftung f\u00fcr die Inhalte externer Links.<br>F\u00fcr den Inhalt der verlinkten Seiten sind ausschlie\u00dflich deren Betreiber verantwortlich.<br>Sollte es bez\u00fcglich externer Links zu Beanstandungen kommen, bitten wir um sofortige Nachricht.<\/td><\/tr><\/tbody><\/table><\/figure>","protected":false},"excerpt":{"rendered":"<p>Peter BurschDuissernstr. 13-1547058 Duisburg Ansprechpartner: Peter BurschTel. 0203 362420Fax. 0203 341111 USt-IdNr.:DE 119567998 eMail: peter.bursch@t-online.deweb: www.euro-rock.de Inhaltlich Verantwortlicher gem\u00e4\u00df \u00a7 10 Absatz 3 MDStV: Peter Bursch (Anschrift wie oben)Hinweis: Trotz sorgf\u00e4ltiger inhaltlicher Kontrolle \u00fcbernehmen wir keine Haftung f\u00fcr die Inhalte externer Links.F\u00fcr den Inhalt der <span class=\"read-more\"><a class=\"more-link btn btn-transparent\" href=\"https:\/\/euro-rock.de\/en\/impressum\">Weiterlesen&#8230;<\/a><\/span><\/p>","protected":false},"author":1,"featured_media":0,"parent":0,"menu_order":0,"comment_status":"closed","ping_status":"closed","template":"","meta":{"ngg_post_thumbnail":0,"footnotes":""},"class_list":["post-67","page","type-page","status-publish","hentry"],"_links":{"self":[{"href":"https:\/\/euro-rock.de\/en\/wp-json\/wp\/v2\/pages\/67","targetHints":{"allow":["GET"]}}],"collection":[{"href":"https:\/\/euro-rock.de\/en\/wp-json\/wp\/v2\/pages"}],"about":[{"href":"https:\/\/euro-rock.de\/en\/wp-json\/wp\/v2\/types\/page"}],"author":[{"embeddable":true,"href":"https:\/\/euro-rock.de\/en\/wp-json\/wp\/v2\/users\/1"}],"replies":[{"embeddable":true,"href":"https:\/\/euro-rock.de\/en\/wp-json\/wp\/v2\/comments?post=67"}],"version-history":[{"count":7,"href":"https:\/\/euro-rock.de\/en\/wp-json\/wp\/v2\/pages\/67\/revisions"}],"predecessor-version":[{"id":778,"href":"https:\/\/euro-rock.de\/en\/wp-json\/wp\/v2\/pages\/67\/revisions\/778"}],"wp:attachment":[{"href":"https:\/\/euro-rock.de\/en\/wp-json\/wp\/v2\/media?parent=67"}],"curies":[{"name":"wp","href":"https:\/\/api.w.org\/{rel}","templated":true}]}}